{"id":76,"date":"2022-01-27T22:04:47","date_gmt":"2022-01-27T21:04:47","guid":{"rendered":"https:\/\/worldsofsnooker.fr\/?page_id=76"},"modified":"2024-09-04T09:20:28","modified_gmt":"2024-09-04T07:20:28","slug":"locations","status":"publish","type":"page","link":"https:\/\/worldsofsnooker.fr\/index.php\/locations\/","title":{"rendered":"Locations"},"content":{"rendered":"\n<p class=\"has-text-align-center\">Nous souhaitons accompagner les clubs &#8211; associations qui d\u00e9sirent ouvrir une section sportive Snooker.<\/p>\n\n\n\n<p class=\"has-text-align-center\">Nos offres \u00e0 la location permettent de d\u00e9marrer en douceur \u00e0 petit budget cette nouvelle discipline.<\/p>\n\n\n\n<p class=\"has-text-align-center\"><strong><mark style=\"background-color:rgba(0, 0, 0, 0)\" class=\"has-inline-color has-accent-color\">Nous disposons actuellement de 4 tables en 12ft <\/mark><\/strong><\/p>\n\n\n\n<p class=\"has-text-align-center\"><strong><mark style=\"background-color:rgba(0, 0, 0, 0)\" class=\"has-inline-color has-accent-color\"> (Riley, BCE,&#8230;).<\/mark><\/strong><\/p>\n\n\n\n<p class=\"has-text-align-center\">Les frais de livraison sont sus (montant sur devis suivant destination et conditions de livraison). <\/p>\n\n\n\n<p class=\"has-text-align-center\">A d\u00e9faut, vous pouvez venir sur place retirer votre table \u00e0 notre local.<\/p>\n\n\n\n<p class=\"has-text-align-center\">Contactez-nous et nous \u00e9tudierons une offre sur mesure.<\/p>\n","protected":false},"excerpt":{"rendered":"<p>Nous souhaitons accompagner les clubs &#8211; associations qui d\u00e9sirent ouvrir une section sportive Snooker. Nos offres \u00e0 la location permettent de d\u00e9marrer en douceur \u00e0 petit budget cette nouvelle discipline. Nous disposons actuellement de 4 tables en 12ft (Riley, BCE,&#8230;). Les frais de livraison sont sus (montant sur devis suivant destination et conditions de livraison). [&hellip;]<\/p>\n","protected":false},"author":1,"featured_media":0,"parent":0,"menu_order":0,"comment_status":"closed","ping_status":"closed","template":"","meta":{"footnotes":""},"class_list":["post-76","page","type-page","status-publish","hentry"],"_links":{"self":[{"href":"https:\/\/worldsofsnooker.fr\/index.php\/wp-json\/wp\/v2\/pages\/76"}],"collection":[{"href":"https:\/\/worldsofsnooker.fr\/index.php\/wp-json\/wp\/v2\/pages"}],"about":[{"href":"https:\/\/worldsofsnooker.fr\/index.php\/wp-json\/wp\/v2\/types\/page"}],"author":[{"embeddable":true,"href":"https:\/\/worldsofsnooker.fr\/index.php\/wp-json\/wp\/v2\/users\/1"}],"replies":[{"embeddable":true,"href":"https:\/\/worldsofsnooker.fr\/index.php\/wp-json\/wp\/v2\/comments?post=76"}],"version-history":[{"count":6,"href":"https:\/\/worldsofsnooker.fr\/index.php\/wp-json\/wp\/v2\/pages\/76\/revisions"}],"predecessor-version":[{"id":161,"href":"https:\/\/worldsofsnooker.fr\/index.php\/wp-json\/wp\/v2\/pages\/76\/revisions\/161"}],"wp:attachment":[{"href":"https:\/\/worldsofsnooker.fr\/index.php\/wp-json\/wp\/v2\/media?parent=76"}],"curies":[{"name":"wp","href":"https:\/\/api.w.org\/{rel}","templated":true}]}}