{"id":78,"date":"2022-01-27T22:04:47","date_gmt":"2022-01-27T21:04:47","guid":{"rendered":"https:\/\/worldsofsnooker.fr\/?page_id=78"},"modified":"2022-10-11T08:55:10","modified_gmt":"2022-10-11T06:55:10","slug":"materiel-accessoires","status":"publish","type":"page","link":"https:\/\/worldsofsnooker.fr\/index.php\/materiel-accessoires\/","title":{"rendered":"Mat\u00e9riel &#038; accessoires"},"content":{"rendered":"\n<p class=\"has-text-align-center\">Worlds of Snooker vous propose une s\u00e9lection d&rsquo;articles neufs ou d&rsquo;occasion. Notre volont\u00e9 vous proposer des produits de qualit\u00e9 \u00e0 un tarif abordable pour d\u00e9butants ou confirm\u00e9s.<\/p>\n\n\n\n<p class=\"has-text-align-center\"><mark style=\"background-color:rgba(0, 0, 0, 0)\" class=\"has-inline-color has-accent-color\"><strong>Nos derni\u00e8res occasions disponibles sur simple demande par email !<\/strong><\/mark><\/p>\n\n\n\n<p><\/p>\n","protected":false},"excerpt":{"rendered":"<p>Worlds of Snooker vous propose une s\u00e9lection d&rsquo;articles neufs ou d&rsquo;occasion. Notre volont\u00e9 vous proposer des produits de qualit\u00e9 \u00e0 un tarif abordable pour d\u00e9butants ou confirm\u00e9s. Nos derni\u00e8res occasions disponibles sur simple demande par email !<\/p>\n","protected":false},"author":1,"featured_media":0,"parent":0,"menu_order":0,"comment_status":"closed","ping_status":"closed","template":"","meta":{"footnotes":""},"class_list":["post-78","page","type-page","status-publish","hentry"],"_links":{"self":[{"href":"https:\/\/worldsofsnooker.fr\/index.php\/wp-json\/wp\/v2\/pages\/78"}],"collection":[{"href":"https:\/\/worldsofsnooker.fr\/index.php\/wp-json\/wp\/v2\/pages"}],"about":[{"href":"https:\/\/worldsofsnooker.fr\/index.php\/wp-json\/wp\/v2\/types\/page"}],"author":[{"embeddable":true,"href":"https:\/\/worldsofsnooker.fr\/index.php\/wp-json\/wp\/v2\/users\/1"}],"replies":[{"embeddable":true,"href":"https:\/\/worldsofsnooker.fr\/index.php\/wp-json\/wp\/v2\/comments?post=78"}],"version-history":[{"count":4,"href":"https:\/\/worldsofsnooker.fr\/index.php\/wp-json\/wp\/v2\/pages\/78\/revisions"}],"predecessor-version":[{"id":137,"href":"https:\/\/worldsofsnooker.fr\/index.php\/wp-json\/wp\/v2\/pages\/78\/revisions\/137"}],"wp:attachment":[{"href":"https:\/\/worldsofsnooker.fr\/index.php\/wp-json\/wp\/v2\/media?parent=78"}],"curies":[{"name":"wp","href":"https:\/\/api.w.org\/{rel}","templated":true}]}}