{"id":91,"date":"2022-01-27T22:11:24","date_gmt":"2022-01-27T21:11:24","guid":{"rendered":"https:\/\/worldsofsnooker.fr\/?page_id=91"},"modified":"2022-03-02T08:47:42","modified_gmt":"2022-03-02T07:47:42","slug":"qui-sommes-nous","status":"publish","type":"page","link":"https:\/\/worldsofsnooker.fr\/index.php\/qui-sommes-nous\/","title":{"rendered":"Qui sommes-nous ?"},"content":{"rendered":"\n<p class=\"has-text-align-center has-larger-font-size\"><mark style=\"background-color:rgba(0, 0, 0, 0)\" class=\"has-inline-color has-accent-color\"><strong>Worlds of snooker <\/strong><\/mark><\/p>\n\n\n\n<p class=\"has-text-align-center has-larger-font-size\"><mark style=\"background-color:rgba(0, 0, 0, 0)\" class=\"has-inline-color has-accent-color\"><strong>Le<\/strong> <strong>sp\u00e9cialiste du billard snooker<\/strong><\/mark><\/p>\n\n\n\n<p class=\"has-text-align-center\">D\u00e9j\u00e0 tout petits, nous regardions les champions \u00e0 la t\u00e9l\u00e9vision et r\u00eavions nous aussi de jouer un jour sur ces tables immenses ! <\/p>\n\n\n\n<p class=\"has-text-align-center\">Longtemps r\u00e9serv\u00e9 \u00e0 une certaine \u00e9lite, peu \u00e9tait ceux qui pratiquaient en France. Il y avait peu voir pas de surfaces de jeu disponibles en r\u00e9gion.<\/p>\n\n\n\n<p class=\"has-text-align-center\">Nous souhaitons maintenant d\u00e9mocratiser la pratique du snooker et permettre au plus grand nombre de jouer, s&rsquo;entra\u00eener et participer \u00e0 des comp\u00e9titions. <\/p>\n\n\n\n<p class=\"has-text-align-center\">Passionn\u00e9s et pratiquants de ce sport, nous avons \u00e0 coeur de partager les valeurs nobles que repr\u00e9sente cette discipline. <\/p>\n\n\n\n<p class=\"has-text-align-center\">Rejoignez l&rsquo;aventure Worlds of Snooker et participez au d\u00e9ploiement de notre r\u00e9seau.<\/p>\n\n\n\n<p><\/p>\n","protected":false},"excerpt":{"rendered":"<p>Worlds of snooker Le sp\u00e9cialiste du billard snooker D\u00e9j\u00e0 tout petits, nous regardions les champions \u00e0 la t\u00e9l\u00e9vision et r\u00eavions nous aussi de jouer un jour sur ces tables immenses ! Longtemps r\u00e9serv\u00e9 \u00e0 une certaine \u00e9lite, peu \u00e9tait ceux qui pratiquaient en France. Il y avait peu voir pas de surfaces de jeu disponibles [&hellip;]<\/p>\n","protected":false},"author":1,"featured_media":0,"parent":0,"menu_order":0,"comment_status":"closed","ping_status":"closed","template":"","meta":{"footnotes":""},"class_list":["post-91","page","type-page","status-publish","hentry"],"_links":{"self":[{"href":"https:\/\/worldsofsnooker.fr\/index.php\/wp-json\/wp\/v2\/pages\/91"}],"collection":[{"href":"https:\/\/worldsofsnooker.fr\/index.php\/wp-json\/wp\/v2\/pages"}],"about":[{"href":"https:\/\/worldsofsnooker.fr\/index.php\/wp-json\/wp\/v2\/types\/page"}],"author":[{"embeddable":true,"href":"https:\/\/worldsofsnooker.fr\/index.php\/wp-json\/wp\/v2\/users\/1"}],"replies":[{"embeddable":true,"href":"https:\/\/worldsofsnooker.fr\/index.php\/wp-json\/wp\/v2\/comments?post=91"}],"version-history":[{"count":5,"href":"https:\/\/worldsofsnooker.fr\/index.php\/wp-json\/wp\/v2\/pages\/91\/revisions"}],"predecessor-version":[{"id":131,"href":"https:\/\/worldsofsnooker.fr\/index.php\/wp-json\/wp\/v2\/pages\/91\/revisions\/131"}],"wp:attachment":[{"href":"https:\/\/worldsofsnooker.fr\/index.php\/wp-json\/wp\/v2\/media?parent=91"}],"curies":[{"name":"wp","href":"https:\/\/api.w.org\/{rel}","templated":true}]}}